{"id":13,"date":"2023-02-13T17:50:01","date_gmt":"2023-02-13T17:50:01","guid":{"rendered":"https:\/\/olioapp.com\/?page_id=13"},"modified":"2023-03-31T15:14:42","modified_gmt":"2023-03-31T15:14:42","slug":"contactanos","status":"publish","type":"page","link":"https:\/\/olioapp.com\/es\/contactanos\/","title":{"rendered":"Cont\u00e1ctanos"},"content":{"rendered":"<section class=\"mini-cards wp-block mini-cards--slider-on-mobile has-background-shape mini-cards--background-1 alignwide\">\n    <div class=\"mini-cards__inner\">\n\n        <div class=\"mini-cards__intro\">\n                                <h2 class=\"mini-cards__heading\">\u00bfTienes una pregunta? \u00a1Cont\u00e1ctanos!<\/h2>\n            \n                    <\/div>\n\n                    <div class=\"mini-cards__items\">\n                                    <div class=\"mini-card \">\n\n                        <div class=\"mini-card__content\">\n                                                                <h3 class=\"mini-card__heading\">Soy usuario de la app Olio<\/h3>\n                            \n                                                            <div class=\"mini-card__text\">\n                                    <p><span style=\"font-weight: 400\">Usa nuestro centro de ayuda en la app tocando las 3 l\u00edneas en la esquina superior derecha y seleccionando \u00abCentro de Ayuda\u00bb<\/span><\/p>\n                                <\/div>\n                                                    <\/div>\n\n                                            <\/div>\n                                    <div class=\"mini-card \">\n\n                        <div class=\"mini-card__content\">\n                                                                <h3 class=\"mini-card__heading\">Todav\u00eda no soy usuario de la app Olio<\/h3>\n                            \n                                                            <div class=\"mini-card__text\">\n                                    <p><span style=\"font-weight: 400\">Visita nuestra <a href=\"http:\/\/help.olioex.com\">secci\u00f3n de Preguntas frecuentes<\/a> donde podr\u00e1s encontrar respuestas o hacernos una pregunta<\/span><\/p>\n                                <\/div>\n                                                    <\/div>\n\n                                            <\/div>\n                                    <div class=\"mini-card \">\n\n                        <div class=\"mini-card__content\">\n                                                                <h3 class=\"mini-card__heading\">Quiero ser Voluntario o Embajador de Olio<\/h3>\n                            \n                                                            <div class=\"mini-card__text\">\n                                    <p><span style=\"font-weight: 400\">Ve a nuestra p\u00e1gina <a href=\"https:\/\/olioapp.com\/es\/involucrate\/\">\u00abInvol\u00facrate\u00bb<\/a> para obtener m\u00e1s informaci\u00f3n y saber c\u00f3mo comenzar<\/span><\/p>\n                                <\/div>\n                                                    <\/div>\n\n                                            <\/div>\n                                    <div class=\"mini-card \">\n\n                        <div class=\"mini-card__content\">\n                                                                <h3 class=\"mini-card__heading\">Represento a una empresa que quiere trabajar con Olio<\/h3>\n                            \n                                                            <div class=\"mini-card__text\">\n                                    <p><span style=\"font-weight: 400\">Dir\u00edgete a la secci\u00f3n <a href=\"https:\/\/olioapp.com\/negocios\/\">\u00abEn el trabajo\u00bb<\/a> de nuestro sitio web para obtener informaci\u00f3n sobre con qu\u00e9 negocios trabajamos y c\u00f3mo ponerte en contacto<\/span><\/p>\n                                <\/div>\n                                                    <\/div>\n\n                                            <\/div>\n                                    <div class=\"mini-card \">\n\n                        <div class=\"mini-card__content\">\n                                                                <h3 class=\"mini-card__heading\">Trabajo en prensa y quiero saber m\u00e1s sobre Olio<\/h3>\n                            \n                                                            <div class=\"mini-card__text\">\n                                    <p><span style=\"font-weight: 400\">Ponte en contacto con nuestra agencia de relaciones p\u00fablicas a trav\u00e9s de <a href=\"mailto:media@olioapp.com\">correo electr\u00f3nico<\/a><\/span><\/p>\n                                <\/div>\n                                                    <\/div>\n\n                                            <\/div>\n                                    <div class=\"mini-card \">\n\n                        <div class=\"mini-card__content\">\n                                                                <h3 class=\"mini-card__heading\">Soy inversionista y me interesa participar en la pr\u00f3xima ronda de recaudaci\u00f3n de fondos de Olio<\/h3>\n                            \n                                                            <div class=\"mini-card__text\">\n                                    <p><span style=\"font-weight: 400\">Ponte en contacto con nosotros a trav\u00e9s de <a href=\"mailto:investors@olioapp.com\">correo electr\u00f3nico<\/a><\/span><\/p>\n                                <\/div>\n                                                    <\/div>\n\n                                            <\/div>\n                            <\/div>\n        \n            <\/div>\n\n    <\/section>\n","protected":false},"excerpt":{"rendered":"","protected":false},"author":2,"featured_media":0,"parent":0,"menu_order":0,"comment_status":"closed","ping_status":"closed","template":"","meta":{"_acf_changed":false,"content-type":"","footnotes":""},"class_list":["post-13","page","type-page","status-publish","hentry"],"acf":[],"yoast_head":"<!-- This site is optimized with the Yoast SEO plugin v27.4 - https:\/\/yoast.com\/product\/yoast-seo-wordpress\/ -->\n<title>Cont\u00e1ctanos - Olio<\/title>\n<meta name=\"description\" content=\"\u00bfEres usuario de Olio, quieres serlo, quieres convertirte en voluntario de Olio o incluso un inversionista? \u00a1Cont\u00e1ctanos!\" \/>\n<meta name=\"robots\" content=\"index, follow, max-snippet:-1, max-image-preview:large, max-video-preview:-1\" \/>\n<link rel=\"canonical\" href=\"https:\/\/olioapp.com\/es\/contactanos\/\" \/>\n<meta property=\"og:locale\" content=\"es_ES\" \/>\n<meta property=\"og:type\" content=\"article\" \/>\n<meta property=\"og:title\" content=\"Cont\u00e1ctanos - Olio\" \/>\n<meta property=\"og:description\" content=\"\u00bfEres usuario de Olio, quieres serlo, quieres convertirte en voluntario de Olio o incluso un inversionista? \u00a1Cont\u00e1ctanos!\" \/>\n<meta property=\"og:url\" content=\"https:\/\/olioapp.com\/es\/contactanos\/\" \/>\n<meta property=\"og:site_name\" content=\"Olio | En el hogar\" \/>\n<meta property=\"article:modified_time\" content=\"2023-03-31T15:14:42+00:00\" \/>\n<meta name=\"twitter:card\" content=\"summary_large_image\" \/>\n<script type=\"application\/ld+json\" class=\"yoast-schema-graph\">{\"@context\":\"https:\\\/\\\/schema.org\",\"@graph\":[{\"@type\":\"WebPage\",\"@id\":\"https:\\\/\\\/olioapp.com\\\/es\\\/contactanos\\\/\",\"url\":\"https:\\\/\\\/olioapp.com\\\/es\\\/contactanos\\\/\",\"name\":\"Cont\u00e1ctanos - Olio\",\"isPartOf\":{\"@id\":\"https:\\\/\\\/olioapp.com\\\/es\\\/#website\"},\"datePublished\":\"2023-02-13T17:50:01+00:00\",\"dateModified\":\"2023-03-31T15:14:42+00:00\",\"description\":\"\u00bfEres usuario de Olio, quieres serlo, quieres convertirte en voluntario de Olio o incluso un inversionista? \u00a1Cont\u00e1ctanos!\",\"breadcrumb\":{\"@id\":\"https:\\\/\\\/olioapp.com\\\/es\\\/contactanos\\\/#breadcrumb\"},\"inLanguage\":\"es\",\"potentialAction\":[{\"@type\":\"ReadAction\",\"target\":[\"https:\\\/\\\/olioapp.com\\\/es\\\/contactanos\\\/\"]}]},{\"@type\":\"BreadcrumbList\",\"@id\":\"https:\\\/\\\/olioapp.com\\\/es\\\/contactanos\\\/#breadcrumb\",\"itemListElement\":[{\"@type\":\"ListItem\",\"position\":1,\"name\":\"Home\",\"item\":\"https:\\\/\\\/olioapp.com\\\/es\\\/\"},{\"@type\":\"ListItem\",\"position\":2,\"name\":\"Cont\u00e1ctanos\"}]},{\"@type\":\"WebSite\",\"@id\":\"https:\\\/\\\/olioapp.com\\\/es\\\/#website\",\"url\":\"https:\\\/\\\/olioapp.com\\\/es\\\/\",\"name\":\"Olio | En el hogar\",\"description\":\"\u00bfNo lo necesitas? Comp\u00e1rtelo en Olio.\",\"potentialAction\":[{\"@type\":\"SearchAction\",\"target\":{\"@type\":\"EntryPoint\",\"urlTemplate\":\"https:\\\/\\\/olioapp.com\\\/es\\\/?s={search_term_string}\"},\"query-input\":{\"@type\":\"PropertyValueSpecification\",\"valueRequired\":true,\"valueName\":\"search_term_string\"}}],\"inLanguage\":\"es\"}]}<\/script>\n<!-- \/ Yoast SEO plugin. -->","yoast_head_json":{"title":"Cont\u00e1ctanos - Olio","description":"\u00bfEres usuario de Olio, quieres serlo, quieres convertirte en voluntario de Olio o incluso un inversionista? \u00a1Cont\u00e1ctanos!","robots":{"index":"index","follow":"follow","max-snippet":"max-snippet:-1","max-image-preview":"max-image-preview:large","max-video-preview":"max-video-preview:-1"},"canonical":"https:\/\/olioapp.com\/es\/contactanos\/","og_locale":"es_ES","og_type":"article","og_title":"Cont\u00e1ctanos - Olio","og_description":"\u00bfEres usuario de Olio, quieres serlo, quieres convertirte en voluntario de Olio o incluso un inversionista? \u00a1Cont\u00e1ctanos!","og_url":"https:\/\/olioapp.com\/es\/contactanos\/","og_site_name":"Olio | En el hogar","article_modified_time":"2023-03-31T15:14:42+00:00","twitter_card":"summary_large_image","schema":{"@context":"https:\/\/schema.org","@graph":[{"@type":"WebPage","@id":"https:\/\/olioapp.com\/es\/contactanos\/","url":"https:\/\/olioapp.com\/es\/contactanos\/","name":"Cont\u00e1ctanos - Olio","isPartOf":{"@id":"https:\/\/olioapp.com\/es\/#website"},"datePublished":"2023-02-13T17:50:01+00:00","dateModified":"2023-03-31T15:14:42+00:00","description":"\u00bfEres usuario de Olio, quieres serlo, quieres convertirte en voluntario de Olio o incluso un inversionista? \u00a1Cont\u00e1ctanos!","breadcrumb":{"@id":"https:\/\/olioapp.com\/es\/contactanos\/#breadcrumb"},"inLanguage":"es","potentialAction":[{"@type":"ReadAction","target":["https:\/\/olioapp.com\/es\/contactanos\/"]}]},{"@type":"BreadcrumbList","@id":"https:\/\/olioapp.com\/es\/contactanos\/#breadcrumb","itemListElement":[{"@type":"ListItem","position":1,"name":"Home","item":"https:\/\/olioapp.com\/es\/"},{"@type":"ListItem","position":2,"name":"Cont\u00e1ctanos"}]},{"@type":"WebSite","@id":"https:\/\/olioapp.com\/es\/#website","url":"https:\/\/olioapp.com\/es\/","name":"Olio | En el hogar","description":"\u00bfNo lo necesitas? Comp\u00e1rtelo en Olio.","potentialAction":[{"@type":"SearchAction","target":{"@type":"EntryPoint","urlTemplate":"https:\/\/olioapp.com\/es\/?s={search_term_string}"},"query-input":{"@type":"PropertyValueSpecification","valueRequired":true,"valueName":"search_term_string"}}],"inLanguage":"es"}]}},"_links":{"self":[{"href":"https:\/\/olioapp.com\/es\/wp-json\/wp\/v2\/pages\/13","targetHints":{"allow":["GET"]}}],"collection":[{"href":"https:\/\/olioapp.com\/es\/wp-json\/wp\/v2\/pages"}],"about":[{"href":"https:\/\/olioapp.com\/es\/wp-json\/wp\/v2\/types\/page"}],"author":[{"embeddable":true,"href":"https:\/\/olioapp.com\/es\/wp-json\/wp\/v2\/users\/2"}],"replies":[{"embeddable":true,"href":"https:\/\/olioapp.com\/es\/wp-json\/wp\/v2\/comments?post=13"}],"version-history":[{"count":16,"href":"https:\/\/olioapp.com\/es\/wp-json\/wp\/v2\/pages\/13\/revisions"}],"predecessor-version":[{"id":2074,"href":"https:\/\/olioapp.com\/es\/wp-json\/wp\/v2\/pages\/13\/revisions\/2074"}],"wp:attachment":[{"href":"https:\/\/olioapp.com\/es\/wp-json\/wp\/v2\/media?parent=13"}],"curies":[{"name":"wp","href":"https:\/\/api.w.org\/{rel}","templated":true}]}}