{"id":168,"date":"2023-03-09T14:25:51","date_gmt":"2023-03-09T14:25:51","guid":{"rendered":"https:\/\/olioapp.com\/es\/?page_id=168"},"modified":"2024-12-13T12:57:25","modified_gmt":"2024-12-13T12:57:25","slug":"nuestros-valores","status":"publish","type":"page","link":"https:\/\/olioapp.com\/es\/nuestros-valores\/","title":{"rendered":"Nuestros valores"},"content":{"rendered":"<header class=\"page-header wp-block alignfull has-pale-purple-background-style has-small-heading\">\n    \n    <div class=\"page-header__inner\">\n                        <h1 class=\"page-header__heading is-style-typestyle-h1\">Nuestros valores\n<\/h1>\n        \n        \n            <\/div>\n\n    <div class=\"page-header__ellipse\"><\/div>\n\n    <\/header>\n\n\n\n<p>Nuestros valores est\u00e1n integrados en todo lo que hacemos en Olio.&nbsp;<\/p>\n\n\n\n<p>Desde nuestro proceso de contrataci\u00f3n hasta nuestra revisi\u00f3n de desempe\u00f1o semestral.<\/p>\n\n\n\n<p>Desde establecer los objetivos anuales y trimestrales hasta la toma de decisiones del d\u00eda a d\u00eda.<\/p>\n\n\n\n<p>Desde nuestros marcos de progreso hasta c\u00f3mo nos divertimos en las reuniones y en nuestro retiro anual.<\/p>\n\n\n\n<h2 class=\"wp-block-heading\"><strong>Somos INCLUSIVOS<\/strong><\/h2>\n\n\n\n<p>Olio es para todos. La comunidad es la superpotencia sin explotar del mundo. Ganan diversos equipos. El buen juego en equipo es esencial para el \u00e9xito.<\/p>\n\n\n\n<h2 class=\"wp-block-heading\"><strong>Somos RECURSIVOS<\/strong><\/h2>\n\n\n\n<p>Odiamos el desperdicio de cualquier tipo. Gastamos nuestro dinero con cuidado. El tiempo es nuestro bien m\u00e1s preciado. Automatizamos para trabajar de forma m\u00e1s inteligente. Tomamos la iniciativa, la experimentaci\u00f3n est\u00e1 en nuestro ADN y tenemos un fuerte sesgo hacia la acci\u00f3n MVP; 80% hecho es mejor que 100% perfecto. La priorizaci\u00f3n es un superpoder.<\/p>\n\n\n\n<h2 class=\"wp-block-heading\"><strong>Somos SOLIDARIOS<\/strong><\/h2>\n\n\n\n<p>Nos preocupamos por nuestras acciones y palabras dentro de la comunidad de Olio, hacia los dem\u00e1s, hacia nosotros mismos y hacia el planeta. Cuidar tambi\u00e9n significa comunicarse con Radical Sinceridad.<\/p>\n\n\n\n<h2 class=\"wp-block-heading\"><strong>Somos AMBICIOSOS<\/strong><\/h2>\n\n\n\n<p>Somos ambiciosos para Olio y para nosotros mismos. Estamos obsesionados con la misi\u00f3n, entendemos profundamente a nuestra comunidad y a nuestros clientes, utilizamos nuestros productos con regularidad y aprendemos y mejoramos constantemente (mentalidad de crecimiento). Afrontamos los altibajos con resiliencia. Nos presentamos con optimismo urgente para impulsar el cambio que nuestro planeta y nuestras comunidades necesitan. Trabajamos juntos para lograr nuestra m\u00e9trica North Star.<\/p>\n\n\n    <section class=\"stats wp-block alignwide\">\n        <div class=\"stats__inner\">\n            <div class=\"stats__content\">\n                                        <h2 class=\"stats__heading\">No se limite a confiar en nuestra palabra: vea lo que dicen los miembros de nuestro equipo en nuestra \u00faltima encuesta al personal de los empleados en marzo de 2024<\/h2>\n                \n                            <\/div>\n\n            <div class=\"stats__items\">\n                                    <div class=\"stat\">\n                        <div class=\"stat__content\">\n                            <div class=\"stat__counter\">\n                                <span class=\"stat__number\">8.9\/10<\/span>\n                                <span class=\"stat__suffix\"><\/span>\n                            <\/div>\n\n                            <div class=\"stat__text\">\n                                Olio es Inclusivo                            <\/div>\n                        <\/div>\n                                            <\/div>\n                                    <div class=\"stat\">\n                        <div class=\"stat__content\">\n                            <div class=\"stat__counter\">\n                                <span class=\"stat__number\">8.9\/10<\/span>\n                                <span class=\"stat__suffix\"><\/span>\n                            <\/div>\n\n                            <div class=\"stat__text\">\n                                Olio es Recursivo                            <\/div>\n                        <\/div>\n                                            <\/div>\n                                    <div class=\"stat\">\n                        <div class=\"stat__content\">\n                            <div class=\"stat__counter\">\n                                <span class=\"stat__number\">9.0\/10<\/span>\n                                <span class=\"stat__suffix\"><\/span>\n                            <\/div>\n\n                            <div class=\"stat__text\">\n                                Olio es Solidario                            <\/div>\n                        <\/div>\n                                            <\/div>\n                                    <div class=\"stat\">\n                        <div class=\"stat__content\">\n                            <div class=\"stat__counter\">\n                                <span class=\"stat__number\">9.1\/10<\/span>\n                                <span class=\"stat__suffix\"><\/span>\n                            <\/div>\n\n                            <div class=\"stat__text\">\n                                Olio es Ambicioso                            <\/div>\n                        <\/div>\n                                            <\/div>\n                            <\/div>\n        <\/div>\n    <\/section>\n","protected":false},"excerpt":{"rendered":"<p>Nuestros valores est\u00e1n integrados en todo lo que hacemos en Olio.&nbsp; Desde nuestro proceso de contrataci\u00f3n hasta nuestra revisi\u00f3n de&hellip;<\/p>\n","protected":false},"author":15,"featured_media":0,"parent":0,"menu_order":0,"comment_status":"closed","ping_status":"closed","template":"","meta":{"_acf_changed":false,"content-type":"","footnotes":""},"class_list":["post-168","page","type-page","status-publish","hentry"],"acf":[],"yoast_head":"<!-- This site is optimized with the Yoast SEO plugin v27.6 - https:\/\/yoast.com\/product\/yoast-seo-wordpress\/ -->\n<title>Nuestros valores | Olio<\/title>\n<meta name=\"description\" content=\"Nuestros valores est\u00e1n integrados en todo lo que hacemos en Olio. Somos inclusivos, recursivos, solidarios y ambiciosos. Con\u00f3celos aqu\u00ed.\" \/>\n<meta name=\"robots\" content=\"index, follow, max-snippet:-1, max-image-preview:large, max-video-preview:-1\" \/>\n<link rel=\"canonical\" href=\"https:\/\/olioapp.com\/es\/nuestros-valores\/\" \/>\n<meta property=\"og:locale\" content=\"es_ES\" \/>\n<meta property=\"og:type\" content=\"article\" \/>\n<meta property=\"og:title\" content=\"Nuestros valores | Olio\" \/>\n<meta property=\"og:description\" content=\"Nuestros valores est\u00e1n integrados en todo lo que hacemos en Olio. Somos inclusivos, recursivos, solidarios y ambiciosos. Con\u00f3celos aqu\u00ed.\" \/>\n<meta property=\"og:url\" content=\"https:\/\/olioapp.com\/es\/nuestros-valores\/\" \/>\n<meta property=\"og:site_name\" content=\"Olio | En el hogar\" \/>\n<meta property=\"article:modified_time\" content=\"2024-12-13T12:57:25+00:00\" \/>\n<meta name=\"twitter:card\" content=\"summary_large_image\" \/>\n<meta name=\"twitter:label1\" content=\"Tiempo de lectura\" \/>\n\t<meta name=\"twitter:data1\" content=\"2 minutos\" \/>\n<script type=\"application\/ld+json\" class=\"yoast-schema-graph\">{\"@context\":\"https:\\\/\\\/schema.org\",\"@graph\":[{\"@type\":\"WebPage\",\"@id\":\"https:\\\/\\\/olioapp.com\\\/es\\\/nuestros-valores\\\/\",\"url\":\"https:\\\/\\\/olioapp.com\\\/es\\\/nuestros-valores\\\/\",\"name\":\"Nuestros valores | Olio\",\"isPartOf\":{\"@id\":\"https:\\\/\\\/olioapp.com\\\/es\\\/#website\"},\"datePublished\":\"2023-03-09T14:25:51+00:00\",\"dateModified\":\"2024-12-13T12:57:25+00:00\",\"description\":\"Nuestros valores est\u00e1n integrados en todo lo que hacemos en Olio. Somos inclusivos, recursivos, solidarios y ambiciosos. Con\u00f3celos aqu\u00ed.\",\"breadcrumb\":{\"@id\":\"https:\\\/\\\/olioapp.com\\\/es\\\/nuestros-valores\\\/#breadcrumb\"},\"inLanguage\":\"es\",\"potentialAction\":[{\"@type\":\"ReadAction\",\"target\":[\"https:\\\/\\\/olioapp.com\\\/es\\\/nuestros-valores\\\/\"]}]},{\"@type\":\"BreadcrumbList\",\"@id\":\"https:\\\/\\\/olioapp.com\\\/es\\\/nuestros-valores\\\/#breadcrumb\",\"itemListElement\":[{\"@type\":\"ListItem\",\"position\":1,\"name\":\"Home\",\"item\":\"https:\\\/\\\/olioapp.com\\\/es\\\/\"},{\"@type\":\"ListItem\",\"position\":2,\"name\":\"Nuestros valores\"}]},{\"@type\":\"WebSite\",\"@id\":\"https:\\\/\\\/olioapp.com\\\/es\\\/#website\",\"url\":\"https:\\\/\\\/olioapp.com\\\/es\\\/\",\"name\":\"Olio | En el hogar\",\"description\":\"\u00bfNo lo necesitas? Comp\u00e1rtelo en Olio.\",\"potentialAction\":[{\"@type\":\"SearchAction\",\"target\":{\"@type\":\"EntryPoint\",\"urlTemplate\":\"https:\\\/\\\/olioapp.com\\\/es\\\/?s={search_term_string}\"},\"query-input\":{\"@type\":\"PropertyValueSpecification\",\"valueRequired\":true,\"valueName\":\"search_term_string\"}}],\"inLanguage\":\"es\"}]}<\/script>\n<!-- \/ Yoast SEO plugin. -->","yoast_head_json":{"title":"Nuestros valores | Olio","description":"Nuestros valores est\u00e1n integrados en todo lo que hacemos en Olio. Somos inclusivos, recursivos, solidarios y ambiciosos. Con\u00f3celos aqu\u00ed.","robots":{"index":"index","follow":"follow","max-snippet":"max-snippet:-1","max-image-preview":"max-image-preview:large","max-video-preview":"max-video-preview:-1"},"canonical":"https:\/\/olioapp.com\/es\/nuestros-valores\/","og_locale":"es_ES","og_type":"article","og_title":"Nuestros valores | Olio","og_description":"Nuestros valores est\u00e1n integrados en todo lo que hacemos en Olio. Somos inclusivos, recursivos, solidarios y ambiciosos. Con\u00f3celos aqu\u00ed.","og_url":"https:\/\/olioapp.com\/es\/nuestros-valores\/","og_site_name":"Olio | En el hogar","article_modified_time":"2024-12-13T12:57:25+00:00","twitter_card":"summary_large_image","twitter_misc":{"Tiempo de lectura":"2 minutos"},"schema":{"@context":"https:\/\/schema.org","@graph":[{"@type":"WebPage","@id":"https:\/\/olioapp.com\/es\/nuestros-valores\/","url":"https:\/\/olioapp.com\/es\/nuestros-valores\/","name":"Nuestros valores | Olio","isPartOf":{"@id":"https:\/\/olioapp.com\/es\/#website"},"datePublished":"2023-03-09T14:25:51+00:00","dateModified":"2024-12-13T12:57:25+00:00","description":"Nuestros valores est\u00e1n integrados en todo lo que hacemos en Olio. Somos inclusivos, recursivos, solidarios y ambiciosos. Con\u00f3celos aqu\u00ed.","breadcrumb":{"@id":"https:\/\/olioapp.com\/es\/nuestros-valores\/#breadcrumb"},"inLanguage":"es","potentialAction":[{"@type":"ReadAction","target":["https:\/\/olioapp.com\/es\/nuestros-valores\/"]}]},{"@type":"BreadcrumbList","@id":"https:\/\/olioapp.com\/es\/nuestros-valores\/#breadcrumb","itemListElement":[{"@type":"ListItem","position":1,"name":"Home","item":"https:\/\/olioapp.com\/es\/"},{"@type":"ListItem","position":2,"name":"Nuestros valores"}]},{"@type":"WebSite","@id":"https:\/\/olioapp.com\/es\/#website","url":"https:\/\/olioapp.com\/es\/","name":"Olio | En el hogar","description":"\u00bfNo lo necesitas? Comp\u00e1rtelo en Olio.","potentialAction":[{"@type":"SearchAction","target":{"@type":"EntryPoint","urlTemplate":"https:\/\/olioapp.com\/es\/?s={search_term_string}"},"query-input":{"@type":"PropertyValueSpecification","valueRequired":true,"valueName":"search_term_string"}}],"inLanguage":"es"}]}},"_links":{"self":[{"href":"https:\/\/olioapp.com\/es\/wp-json\/wp\/v2\/pages\/168","targetHints":{"allow":["GET"]}}],"collection":[{"href":"https:\/\/olioapp.com\/es\/wp-json\/wp\/v2\/pages"}],"about":[{"href":"https:\/\/olioapp.com\/es\/wp-json\/wp\/v2\/types\/page"}],"author":[{"embeddable":true,"href":"https:\/\/olioapp.com\/es\/wp-json\/wp\/v2\/users\/15"}],"replies":[{"embeddable":true,"href":"https:\/\/olioapp.com\/es\/wp-json\/wp\/v2\/comments?post=168"}],"version-history":[{"count":21,"href":"https:\/\/olioapp.com\/es\/wp-json\/wp\/v2\/pages\/168\/revisions"}],"predecessor-version":[{"id":2582,"href":"https:\/\/olioapp.com\/es\/wp-json\/wp\/v2\/pages\/168\/revisions\/2582"}],"wp:attachment":[{"href":"https:\/\/olioapp.com\/es\/wp-json\/wp\/v2\/media?parent=168"}],"curies":[{"name":"wp","href":"https:\/\/api.w.org\/{rel}","templated":true}]}}