{"id":40,"date":"2023-02-15T11:06:20","date_gmt":"2023-02-15T11:06:20","guid":{"rendered":"https:\/\/olioapp.com\/?page_id=40"},"modified":"2023-04-19T12:18:36","modified_gmt":"2023-04-19T12:18:36","slug":"involucrate","status":"publish","type":"page","link":"https:\/\/olioapp.com\/es\/involucrate\/","title":{"rendered":"Invol\u00facrate"},"content":{"rendered":"<header class=\"page-header wp-block alignfull has-pale-purple-background-style has-small-heading\">\n    \n    <div class=\"page-header__inner\">\n                        <h1 class=\"page-header__heading is-style-typestyle-h1\">Invol\u00facrate\n<\/h1>\n        \n                    <div class=\"page-header__subheading is-style-typestyle-large\">\n                <p><span style=\"font-weight: 400\">Comparte el mensaje de Olio en tu zona y ay\u00fadanos a crecer la comunidad<\/span><\/p>\n            <\/div>\n        \n            <\/div>\n\n    <div class=\"page-header__ellipse\"><\/div>\n\n    <\/header>\n\n\n<section class=\"cta-cards wp-block alignwide\">\n    <div class=\"cta-cards__inner\">\n\n        \n                    <div class=\"cta-cards__items\">\n                                    <div class=\"cta-cards__item\">\n                        <div class=\"cta-cards__item-content\">\n                                <h3 class=\"cta-cards__item-heading\">S\u00e9 voluntario de Olio<\/h3>\n\n                                                            <div class=\"cta-cards__item-text-wrapper\">\n                                                                            <div class=\"cta-cards__item-text\">\n                                            \u00danete a nuestro equipo de voluntarios que rescatan comida no vendida de negocios locales y la comparten en su comunidad                                        <\/div>\n                                    \n                                                                                <a  href=\"https:\/\/olioapp.com\/es\/voluntario-de-olio\/\" class=\"g-button g-button--xsmall g-button--theme-4\">\n                Empieza ya            <\/a>\n                                                                    <\/div>\n                                                    <\/div>\n\n                        <img decoding=\"async\" width=\"768\" height=\"768\" src=\"https:\/\/olioapp.com\/es\/wp-content\/uploads\/sites\/6\/2023\/04\/Tesco-x-Olio-30-Million-Meals-Linkedin-Announcement-Image-768x768.png\" class=\"attachment-medium_large size-medium_large\" alt=\"\" srcset=\"https:\/\/olioapp.com\/es\/wp-content\/uploads\/sites\/6\/2023\/04\/Tesco-x-Olio-30-Million-Meals-Linkedin-Announcement-Image-768x768.png 768w, https:\/\/olioapp.com\/es\/wp-content\/uploads\/sites\/6\/2023\/04\/Tesco-x-Olio-30-Million-Meals-Linkedin-Announcement-Image-300x300.png 300w, https:\/\/olioapp.com\/es\/wp-content\/uploads\/sites\/6\/2023\/04\/Tesco-x-Olio-30-Million-Meals-Linkedin-Announcement-Image-1024x1024.png 1024w, https:\/\/olioapp.com\/es\/wp-content\/uploads\/sites\/6\/2023\/04\/Tesco-x-Olio-30-Million-Meals-Linkedin-Announcement-Image-150x150.png 150w, https:\/\/olioapp.com\/es\/wp-content\/uploads\/sites\/6\/2023\/04\/Tesco-x-Olio-30-Million-Meals-Linkedin-Announcement-Image.png 1200w\" sizes=\"(max-width: 768px) 100vw, 768px\" \/>                    <\/div>\n                                    <div class=\"cta-cards__item\">\n                        <div class=\"cta-cards__item-content\">\n                                <h3 class=\"cta-cards__item-heading\">Convi\u00e9rtete en embajador de Olio<\/h3>\n\n                                                            <div class=\"cta-cards__item-text-wrapper\">\n                                                                            <div class=\"cta-cards__item-text\">\n                                            Invita a tus amigos, familiares y vecinos a unirse                                        <\/div>\n                                    \n                                                                                <a  href=\"https:\/\/olioapp.com\/es\/conviertete-en-embajador-de-olio\/\" class=\"g-button g-button--xsmall g-button--theme-4\">\n                Empieza ya            <\/a>\n                                                                    <\/div>\n                                                    <\/div>\n\n                        <img decoding=\"async\" width=\"768\" height=\"1024\" src=\"https:\/\/olioapp.com\/es\/wp-content\/uploads\/sites\/6\/2023\/03\/Nadine-2-768x1024.jpg\" class=\"attachment-medium_large size-medium_large\" alt=\"\" srcset=\"https:\/\/olioapp.com\/es\/wp-content\/uploads\/sites\/6\/2023\/03\/Nadine-2-768x1024.jpg 768w, https:\/\/olioapp.com\/es\/wp-content\/uploads\/sites\/6\/2023\/03\/Nadine-2-225x300.jpg 225w, https:\/\/olioapp.com\/es\/wp-content\/uploads\/sites\/6\/2023\/03\/Nadine-2-1152x1536.jpg 1152w, https:\/\/olioapp.com\/es\/wp-content\/uploads\/sites\/6\/2023\/03\/Nadine-2-1536x2048.jpg 1536w, https:\/\/olioapp.com\/es\/wp-content\/uploads\/sites\/6\/2023\/03\/Nadine-2-1875x2500.jpg 1875w\" sizes=\"(max-width: 768px) 100vw, 768px\" \/>                    <\/div>\n                            <\/div>\n        \n            <\/div>\n<\/section>\n\n\n\n<h1 class=\"wp-block-heading alignwide has-text-align-center\">Mira lo que dice nuestra <span class=\"text-highlight\">comunidad de voluntarios<\/span><\/h1>\n\n\n<section class=\"reviews wp-block alignwide\">\n    <div class=\"reviews__inner\">\n\n        \n                    <div class=\"reviews__items\">\n                                    <section class=\"quote wp-block\">\n    <div class=\"quote__inner\">\n        <div class=\"quote__inner-content\">\n            <div class=\"quote__top\">\n                                        <h3 class=\"quote__heading is-style-typestyle-h5\">\u00abHe conocido gente incre\u00edble\u00bb<\/h3>\n                \n                \n                                    <div class=\"quote__content\">\n                        Me llena de satisfacci\u00f3n saber que esta comida tiene una segunda oportunidad. He conocido a personas incre\u00edbles que llegan a mi puerta.                    <\/div>\n                            <\/div>\n\n            <div class=\"quote__bottom\">\n                <div class=\"quote__author\">\n                    <div class=\"quote__author-image\">\n                                                    <img decoding=\"async\" width=\"768\" height=\"1152\" src=\"https:\/\/olioapp.com\/es\/wp-content\/uploads\/sites\/6\/2023\/03\/stephanie-liverani-Zz5LQe-VSMY-unsplash-768x1152.jpg\" class=\"attachment-medium_large size-medium_large\" alt=\"\" srcset=\"https:\/\/olioapp.com\/es\/wp-content\/uploads\/sites\/6\/2023\/03\/stephanie-liverani-Zz5LQe-VSMY-unsplash-768x1152.jpg 768w, https:\/\/olioapp.com\/es\/wp-content\/uploads\/sites\/6\/2023\/03\/stephanie-liverani-Zz5LQe-VSMY-unsplash-200x300.jpg 200w, https:\/\/olioapp.com\/es\/wp-content\/uploads\/sites\/6\/2023\/03\/stephanie-liverani-Zz5LQe-VSMY-unsplash-683x1024.jpg 683w, https:\/\/olioapp.com\/es\/wp-content\/uploads\/sites\/6\/2023\/03\/stephanie-liverani-Zz5LQe-VSMY-unsplash-1024x1536.jpg 1024w, https:\/\/olioapp.com\/es\/wp-content\/uploads\/sites\/6\/2023\/03\/stephanie-liverani-Zz5LQe-VSMY-unsplash-1365x2048.jpg 1365w, https:\/\/olioapp.com\/es\/wp-content\/uploads\/sites\/6\/2023\/03\/stephanie-liverani-Zz5LQe-VSMY-unsplash-1667x2500.jpg 1667w, https:\/\/olioapp.com\/es\/wp-content\/uploads\/sites\/6\/2023\/03\/stephanie-liverani-Zz5LQe-VSMY-unsplash-scaled.jpg 2000w\" sizes=\"(max-width: 768px) 100vw, 768px\" \/>                                            <\/div>\n\n                                            <div class=\"quote__author-content\">\n                                <h4 class=\"quote__author-name\">Roberta<\/h4>\n\n                            <div class=\"quote__author-role\">\n                                Voluntaria de Olio, Londres                            <\/div>\n                        <\/div>\n                                    <\/div>\n            <\/div>\n        <\/div>\n\n                    <div class=\"quote__icon\">\n                <svg width=\"193\" height=\"138\" viewBox=\"0 0 193 138\" fill=\"none\" xmlns=\"http:\/\/www.w3.org\/2000\/svg\">\n                    <path d=\"M93.8809 0C35.0542 4.81394 0 40.5174 0 83.843C0 118.744 22.1607 138 45.9331 138C69.7056 138 89.046 118.744 89.046 95.0756C89.046 72.2093 70.9143 53.3546 48.3507 52.1512C56.4091 37.3081 73.3318 31.2907 93.8809 28.4826V0ZM193 0C134.173 4.81394 99.1189 40.5174 99.1189 83.843C99.1189 118.744 121.28 138 145.052 138C168.825 138 188.165 118.744 188.165 95.0756C188.165 72.2093 170.033 53.3546 147.47 52.1512C155.528 37.3081 172.451 31.2907 193 28.4826V0Z\" fill=\"#ECE7EE\"\/>\n                <\/svg>\n            <\/div>\n        \n            <\/div>\n<\/section>\n                                    <section class=\"quote wp-block\">\n    <div class=\"quote__inner\">\n        <div class=\"quote__inner-content\">\n            <div class=\"quote__top\">\n                                        <h3 class=\"quote__heading is-style-typestyle-h5\">\u00abSe siente genial\u00bb<\/h3>\n                \n                \n                                    <div class=\"quote__content\">\n                        Es muy satisfactorio recoger comida que estaba destinada a la basura y asegurarte de que toda sea consumida. Se siente genial poder hacer esto por mi comunidad.                    <\/div>\n                            <\/div>\n\n            <div class=\"quote__bottom\">\n                <div class=\"quote__author\">\n                    <div class=\"quote__author-image\">\n                                                    <img decoding=\"async\" width=\"768\" height=\"1152\" src=\"https:\/\/olioapp.com\/es\/wp-content\/uploads\/sites\/6\/2023\/03\/chuko-cribb-6UwpM1835DY-unsplash-1-768x1152.jpg\" class=\"attachment-medium_large size-medium_large\" alt=\"\" srcset=\"https:\/\/olioapp.com\/es\/wp-content\/uploads\/sites\/6\/2023\/03\/chuko-cribb-6UwpM1835DY-unsplash-1-768x1152.jpg 768w, https:\/\/olioapp.com\/es\/wp-content\/uploads\/sites\/6\/2023\/03\/chuko-cribb-6UwpM1835DY-unsplash-1-200x300.jpg 200w, https:\/\/olioapp.com\/es\/wp-content\/uploads\/sites\/6\/2023\/03\/chuko-cribb-6UwpM1835DY-unsplash-1-683x1024.jpg 683w, https:\/\/olioapp.com\/es\/wp-content\/uploads\/sites\/6\/2023\/03\/chuko-cribb-6UwpM1835DY-unsplash-1-1024x1536.jpg 1024w, https:\/\/olioapp.com\/es\/wp-content\/uploads\/sites\/6\/2023\/03\/chuko-cribb-6UwpM1835DY-unsplash-1-1365x2048.jpg 1365w, https:\/\/olioapp.com\/es\/wp-content\/uploads\/sites\/6\/2023\/03\/chuko-cribb-6UwpM1835DY-unsplash-1-1667x2500.jpg 1667w, https:\/\/olioapp.com\/es\/wp-content\/uploads\/sites\/6\/2023\/03\/chuko-cribb-6UwpM1835DY-unsplash-1-scaled.jpg 2000w\" sizes=\"(max-width: 768px) 100vw, 768px\" \/>                                            <\/div>\n\n                                            <div class=\"quote__author-content\">\n                                <h4 class=\"quote__author-name\">Auden<\/h4>\n\n                            <div class=\"quote__author-role\">\n                                Voluntario de Olio, Brighton                            <\/div>\n                        <\/div>\n                                    <\/div>\n            <\/div>\n        <\/div>\n\n                    <div class=\"quote__icon\">\n                <svg width=\"193\" height=\"138\" viewBox=\"0 0 193 138\" fill=\"none\" xmlns=\"http:\/\/www.w3.org\/2000\/svg\">\n                    <path d=\"M93.8809 0C35.0542 4.81394 0 40.5174 0 83.843C0 118.744 22.1607 138 45.9331 138C69.7056 138 89.046 118.744 89.046 95.0756C89.046 72.2093 70.9143 53.3546 48.3507 52.1512C56.4091 37.3081 73.3318 31.2907 93.8809 28.4826V0ZM193 0C134.173 4.81394 99.1189 40.5174 99.1189 83.843C99.1189 118.744 121.28 138 145.052 138C168.825 138 188.165 118.744 188.165 95.0756C188.165 72.2093 170.033 53.3546 147.47 52.1512C155.528 37.3081 172.451 31.2907 193 28.4826V0Z\" fill=\"#ECE7EE\"\/>\n                <\/svg>\n            <\/div>\n        \n            <\/div>\n<\/section>\n                                    <section class=\"quote wp-block\">\n    <div class=\"quote__inner\">\n        <div class=\"quote__inner-content\">\n            <div class=\"quote__top\">\n                                        <h3 class=\"quote__heading is-style-typestyle-h5\">\u00abS\u00e9 que estoy haciendo una diferencia\u00bb<\/h3>\n                \n                \n                                    <div class=\"quote__content\">\n                        Si pudiera describir mi experiencia con Olio, dir\u00eda que es gratificante. Me da la oportunidad de devolver a la comunidad, y s\u00e9 que estoy haciendo una diferencia.                    <\/div>\n                            <\/div>\n\n            <div class=\"quote__bottom\">\n                <div class=\"quote__author\">\n                    <div class=\"quote__author-image\">\n                                                    <img decoding=\"async\" width=\"100\" height=\"106\" src=\"https:\/\/olioapp.com\/es\/wp-content\/uploads\/sites\/6\/2023\/03\/Screenshot-2023-03-27-204604.png\" class=\"attachment-medium_large size-medium_large\" alt=\"\" \/>                                            <\/div>\n\n                                            <div class=\"quote__author-content\">\n                                <h4 class=\"quote__author-name\">Maria<\/h4>\n\n                            <div class=\"quote__author-role\">\n                                Voluntaria de Olio, Londres                            <\/div>\n                        <\/div>\n                                    <\/div>\n            <\/div>\n        <\/div>\n\n                    <div class=\"quote__icon\">\n                <svg width=\"193\" height=\"138\" viewBox=\"0 0 193 138\" fill=\"none\" xmlns=\"http:\/\/www.w3.org\/2000\/svg\">\n                    <path d=\"M93.8809 0C35.0542 4.81394 0 40.5174 0 83.843C0 118.744 22.1607 138 45.9331 138C69.7056 138 89.046 118.744 89.046 95.0756C89.046 72.2093 70.9143 53.3546 48.3507 52.1512C56.4091 37.3081 73.3318 31.2907 93.8809 28.4826V0ZM193 0C134.173 4.81394 99.1189 40.5174 99.1189 83.843C99.1189 118.744 121.28 138 145.052 138C168.825 138 188.165 118.744 188.165 95.0756C188.165 72.2093 170.033 53.3546 147.47 52.1512C155.528 37.3081 172.451 31.2907 193 28.4826V0Z\" fill=\"#ECE7EE\"\/>\n                <\/svg>\n            <\/div>\n        \n            <\/div>\n<\/section>\n                            <\/div>\n            <\/div>\n<\/section>\n","protected":false},"excerpt":{"rendered":"<p>Mira lo que dice nuestra comunidad de voluntarios<\/p>\n","protected":false},"author":2,"featured_media":0,"parent":0,"menu_order":0,"comment_status":"closed","ping_status":"closed","template":"","meta":{"_acf_changed":false,"content-type":"","footnotes":""},"class_list":["post-40","page","type-page","status-publish","hentry"],"acf":[],"yoast_head":"<!-- This site is optimized with the Yoast SEO plugin v27.6 - https:\/\/yoast.com\/product\/yoast-seo-wordpress\/ -->\n<title>Invol\u00facrate | Olio<\/title>\n<meta name=\"description\" content=\"Combate el desperdicio, apoya a tu comunidad y cuida el planeta. Invol\u00facrate y reg\u00edstrate como voluntario de Olio hoy mismo.\" \/>\n<meta name=\"robots\" content=\"index, follow, max-snippet:-1, max-image-preview:large, max-video-preview:-1\" \/>\n<link rel=\"canonical\" href=\"https:\/\/olioapp.com\/es\/involucrate\/\" \/>\n<meta property=\"og:locale\" content=\"es_ES\" \/>\n<meta property=\"og:type\" content=\"article\" \/>\n<meta property=\"og:title\" content=\"Invol\u00facrate | Olio\" \/>\n<meta property=\"og:description\" content=\"Combate el desperdicio, apoya a tu comunidad y cuida el planeta. Invol\u00facrate y reg\u00edstrate como voluntario de Olio hoy mismo.\" \/>\n<meta property=\"og:url\" content=\"https:\/\/olioapp.com\/es\/involucrate\/\" \/>\n<meta property=\"og:site_name\" content=\"Olio | En el hogar\" \/>\n<meta property=\"article:modified_time\" content=\"2023-04-19T12:18:36+00:00\" \/>\n<meta name=\"twitter:card\" content=\"summary_large_image\" \/>\n<meta name=\"twitter:label1\" content=\"Tiempo de lectura\" \/>\n\t<meta name=\"twitter:data1\" content=\"1 minuto\" \/>\n<script type=\"application\/ld+json\" class=\"yoast-schema-graph\">{\"@context\":\"https:\\\/\\\/schema.org\",\"@graph\":[{\"@type\":\"WebPage\",\"@id\":\"https:\\\/\\\/olioapp.com\\\/es\\\/involucrate\\\/\",\"url\":\"https:\\\/\\\/olioapp.com\\\/es\\\/involucrate\\\/\",\"name\":\"Invol\u00facrate | Olio\",\"isPartOf\":{\"@id\":\"https:\\\/\\\/olioapp.com\\\/es\\\/#website\"},\"datePublished\":\"2023-02-15T11:06:20+00:00\",\"dateModified\":\"2023-04-19T12:18:36+00:00\",\"description\":\"Combate el desperdicio, apoya a tu comunidad y cuida el planeta. Invol\u00facrate y reg\u00edstrate como voluntario de Olio hoy mismo.\",\"breadcrumb\":{\"@id\":\"https:\\\/\\\/olioapp.com\\\/es\\\/involucrate\\\/#breadcrumb\"},\"inLanguage\":\"es\",\"potentialAction\":[{\"@type\":\"ReadAction\",\"target\":[\"https:\\\/\\\/olioapp.com\\\/es\\\/involucrate\\\/\"]}]},{\"@type\":\"BreadcrumbList\",\"@id\":\"https:\\\/\\\/olioapp.com\\\/es\\\/involucrate\\\/#breadcrumb\",\"itemListElement\":[{\"@type\":\"ListItem\",\"position\":1,\"name\":\"Home\",\"item\":\"https:\\\/\\\/olioapp.com\\\/es\\\/\"},{\"@type\":\"ListItem\",\"position\":2,\"name\":\"Invol\u00facrate\"}]},{\"@type\":\"WebSite\",\"@id\":\"https:\\\/\\\/olioapp.com\\\/es\\\/#website\",\"url\":\"https:\\\/\\\/olioapp.com\\\/es\\\/\",\"name\":\"Olio | En el hogar\",\"description\":\"\u00bfNo lo necesitas? Comp\u00e1rtelo en Olio.\",\"potentialAction\":[{\"@type\":\"SearchAction\",\"target\":{\"@type\":\"EntryPoint\",\"urlTemplate\":\"https:\\\/\\\/olioapp.com\\\/es\\\/?s={search_term_string}\"},\"query-input\":{\"@type\":\"PropertyValueSpecification\",\"valueRequired\":true,\"valueName\":\"search_term_string\"}}],\"inLanguage\":\"es\"}]}<\/script>\n<!-- \/ Yoast SEO plugin. -->","yoast_head_json":{"title":"Invol\u00facrate | Olio","description":"Combate el desperdicio, apoya a tu comunidad y cuida el planeta. Invol\u00facrate y reg\u00edstrate como voluntario de Olio hoy mismo.","robots":{"index":"index","follow":"follow","max-snippet":"max-snippet:-1","max-image-preview":"max-image-preview:large","max-video-preview":"max-video-preview:-1"},"canonical":"https:\/\/olioapp.com\/es\/involucrate\/","og_locale":"es_ES","og_type":"article","og_title":"Invol\u00facrate | Olio","og_description":"Combate el desperdicio, apoya a tu comunidad y cuida el planeta. Invol\u00facrate y reg\u00edstrate como voluntario de Olio hoy mismo.","og_url":"https:\/\/olioapp.com\/es\/involucrate\/","og_site_name":"Olio | En el hogar","article_modified_time":"2023-04-19T12:18:36+00:00","twitter_card":"summary_large_image","twitter_misc":{"Tiempo de lectura":"1 minuto"},"schema":{"@context":"https:\/\/schema.org","@graph":[{"@type":"WebPage","@id":"https:\/\/olioapp.com\/es\/involucrate\/","url":"https:\/\/olioapp.com\/es\/involucrate\/","name":"Invol\u00facrate | Olio","isPartOf":{"@id":"https:\/\/olioapp.com\/es\/#website"},"datePublished":"2023-02-15T11:06:20+00:00","dateModified":"2023-04-19T12:18:36+00:00","description":"Combate el desperdicio, apoya a tu comunidad y cuida el planeta. Invol\u00facrate y reg\u00edstrate como voluntario de Olio hoy mismo.","breadcrumb":{"@id":"https:\/\/olioapp.com\/es\/involucrate\/#breadcrumb"},"inLanguage":"es","potentialAction":[{"@type":"ReadAction","target":["https:\/\/olioapp.com\/es\/involucrate\/"]}]},{"@type":"BreadcrumbList","@id":"https:\/\/olioapp.com\/es\/involucrate\/#breadcrumb","itemListElement":[{"@type":"ListItem","position":1,"name":"Home","item":"https:\/\/olioapp.com\/es\/"},{"@type":"ListItem","position":2,"name":"Invol\u00facrate"}]},{"@type":"WebSite","@id":"https:\/\/olioapp.com\/es\/#website","url":"https:\/\/olioapp.com\/es\/","name":"Olio | En el hogar","description":"\u00bfNo lo necesitas? Comp\u00e1rtelo en Olio.","potentialAction":[{"@type":"SearchAction","target":{"@type":"EntryPoint","urlTemplate":"https:\/\/olioapp.com\/es\/?s={search_term_string}"},"query-input":{"@type":"PropertyValueSpecification","valueRequired":true,"valueName":"search_term_string"}}],"inLanguage":"es"}]}},"_links":{"self":[{"href":"https:\/\/olioapp.com\/es\/wp-json\/wp\/v2\/pages\/40","targetHints":{"allow":["GET"]}}],"collection":[{"href":"https:\/\/olioapp.com\/es\/wp-json\/wp\/v2\/pages"}],"about":[{"href":"https:\/\/olioapp.com\/es\/wp-json\/wp\/v2\/types\/page"}],"author":[{"embeddable":true,"href":"https:\/\/olioapp.com\/es\/wp-json\/wp\/v2\/users\/2"}],"replies":[{"embeddable":true,"href":"https:\/\/olioapp.com\/es\/wp-json\/wp\/v2\/comments?post=40"}],"version-history":[{"count":53,"href":"https:\/\/olioapp.com\/es\/wp-json\/wp\/v2\/pages\/40\/revisions"}],"predecessor-version":[{"id":2256,"href":"https:\/\/olioapp.com\/es\/wp-json\/wp\/v2\/pages\/40\/revisions\/2256"}],"wp:attachment":[{"href":"https:\/\/olioapp.com\/es\/wp-json\/wp\/v2\/media?parent=40"}],"curies":[{"name":"wp","href":"https:\/\/api.w.org\/{rel}","templated":true}]}}