{"id":7,"date":"2023-02-13T17:50:01","date_gmt":"2023-02-13T17:50:01","guid":{"rendered":"https:\/\/olioapp.com\/?page_id=7"},"modified":"2023-03-30T15:14:47","modified_gmt":"2023-03-30T15:14:47","slug":"nuestra-historia","status":"publish","type":"page","link":"https:\/\/olioapp.com\/es\/nuestra-historia\/","title":{"rendered":"Nuestra historia"},"content":{"rendered":"<header class=\"page-header wp-block alignfull has-pale-purple-background-style has-large-heading\">\n    \n    <div class=\"page-header__inner\">\n                        <h1 class=\"page-header__heading is-style-typestyle-display-1\">C\u00f3mo Olio se convirti\u00f3 en Olio\n<\/h1>\n        \n                    <div class=\"page-header__subheading is-style-typestyle-large\">\n                <p>La app para compartir favorita en el mundo<\/p>\n            <\/div>\n        \n            <\/div>\n\n    <div class=\"page-header__ellipse\"><\/div>\n\n    <\/header>\n\n\n\n<figure class=\"wp-block-image size-large\"><img decoding=\"async\" width=\"1024\" height=\"683\" src=\"https:\/\/olioapp.com\/es\/wp-content\/uploads\/sites\/6\/2023\/03\/Tessa-Clarke-CoFounder-OLIO-by-AnnabelStaff-4-1024x683.jpg\" alt=\"\" class=\"wp-image-1499\" srcset=\"https:\/\/olioapp.com\/es\/wp-content\/uploads\/sites\/6\/2023\/03\/Tessa-Clarke-CoFounder-OLIO-by-AnnabelStaff-4-1024x683.jpg 1024w, https:\/\/olioapp.com\/es\/wp-content\/uploads\/sites\/6\/2023\/03\/Tessa-Clarke-CoFounder-OLIO-by-AnnabelStaff-4-300x200.jpg 300w, https:\/\/olioapp.com\/es\/wp-content\/uploads\/sites\/6\/2023\/03\/Tessa-Clarke-CoFounder-OLIO-by-AnnabelStaff-4-768x512.jpg 768w, https:\/\/olioapp.com\/es\/wp-content\/uploads\/sites\/6\/2023\/03\/Tessa-Clarke-CoFounder-OLIO-by-AnnabelStaff-4-1536x1024.jpg 1536w, https:\/\/olioapp.com\/es\/wp-content\/uploads\/sites\/6\/2023\/03\/Tessa-Clarke-CoFounder-OLIO-by-AnnabelStaff-4-2048x1365.jpg 2048w\" sizes=\"(max-width: 1024px) 100vw, 1024px\" \/><figcaption class=\"wp-element-caption\">Tessa Clarke, cofundadora y CEO<\/figcaption><\/figure>\n\n\n\n<h2 class=\"has-text-align-center is-style-typestyle-h3 wp-block-heading\">\u201c<strong>Vi de primera mano cu\u00e1nto esfuerzo se necesita para producir nuestros alimentos<\/strong>\u201d<\/h2>\n\n\n\n<p class=\"has-text-align-left\">Al crecer en una granja en Yorkshire, siempre hab\u00eda algo que hacer. Dar de comer a las vacas, limpiar los establos, mover el ganado, hasta altas horas de la noche, los 365 d\u00edas del a\u00f1o. Ese es el nivel de esfuerzo que se necesita para producir los alimentos que comemos. Y es por eso que creo firmemente que los alimentos deben comerse, no tirarse a la basura.<\/p>\n\n\n\n<h2 class=\"has-text-align-center is-style-typestyle-h3 wp-block-heading\">\u201cLos de la mudanza estaban parados all\u00ed con una bolsa de basura, pero yo no pod\u00eda hacerlo\u201d<\/h2>\n\n\n\n<p>Tuve un momento de inspiraci\u00f3n cuando me estaba mudando. Intentamos usar todo lo que hab\u00eda en la nevera, pero a\u00fan quedaban 6 batatas, un repollo blanco entero y algunas ollas de yogur. Empec\u00e9 a tocar las puertas del vecindario, con un reci\u00e9n nacido en mis brazos y otro peque\u00f1\u00edn en mi espalda, pensando que era una locura. Debe haber una forma m\u00e1s f\u00e1cil de compartir los alimentos que no usamos.<\/p>\n\n\n\n<p>Y as\u00ed naci\u00f3 el concepto de Olio. Cuando le cont\u00e9 a Saasha unos meses despu\u00e9s, sus ojos se iluminaron. Sab\u00edamos que ten\u00edamos que hacerlo realidad. Ten\u00edamos que hacer algo para evitar el hecho de que <strong>un tercio de los alimentos del Reino Unido se desperdician<\/strong>, y la mitad de eso ocurre en el hogar.&nbsp;<\/p>\n\n\n\n<figure class=\"wp-block-image size-large\"><img decoding=\"async\" width=\"1024\" height=\"683\" src=\"https:\/\/olioapp.com\/es\/wp-content\/uploads\/sites\/6\/2023\/03\/Saasha-Celestial-One-CoFounders-OLIO-by-AnnabelStaff-3-1024x683.jpg\" alt=\"\" class=\"wp-image-1500\" srcset=\"https:\/\/olioapp.com\/es\/wp-content\/uploads\/sites\/6\/2023\/03\/Saasha-Celestial-One-CoFounders-OLIO-by-AnnabelStaff-3-1024x683.jpg 1024w, https:\/\/olioapp.com\/es\/wp-content\/uploads\/sites\/6\/2023\/03\/Saasha-Celestial-One-CoFounders-OLIO-by-AnnabelStaff-3-300x200.jpg 300w, https:\/\/olioapp.com\/es\/wp-content\/uploads\/sites\/6\/2023\/03\/Saasha-Celestial-One-CoFounders-OLIO-by-AnnabelStaff-3-768x512.jpg 768w, https:\/\/olioapp.com\/es\/wp-content\/uploads\/sites\/6\/2023\/03\/Saasha-Celestial-One-CoFounders-OLIO-by-AnnabelStaff-3-1536x1024.jpg 1536w, https:\/\/olioapp.com\/es\/wp-content\/uploads\/sites\/6\/2023\/03\/Saasha-Celestial-One-CoFounders-OLIO-by-AnnabelStaff-3-2048x1365.jpg 2048w\" sizes=\"(max-width: 1024px) 100vw, 1024px\" \/><figcaption class=\"wp-element-caption\">Saasha Celestial-One, cofundadora y COO<\/figcaption><\/figure>\n\n\n\n<h2 class=\"has-text-align-center is-style-typestyle-h3 wp-block-heading\">\u201c<strong>Desde muy peque\u00f1a aprend\u00ed que la basura de una persona es realmente el tesoro de otra<\/strong>\u201d<\/h2>\n\n\n\n<p>Soy hija de emprendedores hippies de Iowa, de ah\u00ed mi apellido inusual. \u00c9ramos una familia grande y relativamente pobre, y pas\u00e9 gran parte de mi infancia siguiendo a mi mam\u00e1 en misiones de salvamento. Rescatamos lo que otros hab\u00edan desechado, madera de casas abandonadas, plantas dejadas en basureros, latas de refresco de aluminio (\u00a1que valen 5 centavos cada una!). Desperdiciar no era una opci\u00f3n.<\/p>\n\n\n\n<h2 class=\"has-text-align-center is-style-typestyle-h3 wp-block-heading\">\u201c<strong>Me apasiona la industria de alimentos<\/strong>\u201d<\/h2>\n\n\n\n<p>Cuando era adolescente, lanc\u00e9 docenas de peque\u00f1as empresas y siempre so\u00f1\u00e9 con convertirme en una verdadera emprendedora. Cuando Tessa me habl\u00f3 de su genial idea para una app para compartir comida, supe al instante que quer\u00eda ser parte de ella. Tardamos una hora en elegir el nombre y hacer nuestro plan. En Olio so\u00f1amos en grande y avanzamos r\u00e1pido.<\/p>\n\n\n\n<figure class=\"wp-block-image size-large\"><img decoding=\"async\" width=\"1024\" height=\"767\" src=\"https:\/\/olioapp.com\/es\/wp-content\/uploads\/sites\/6\/2023\/03\/Screenshot-2023-03-30-at-14.44.14-1-1024x767.png\" alt=\"\" class=\"wp-image-1979\" srcset=\"https:\/\/olioapp.com\/es\/wp-content\/uploads\/sites\/6\/2023\/03\/Screenshot-2023-03-30-at-14.44.14-1-1024x767.png 1024w, https:\/\/olioapp.com\/es\/wp-content\/uploads\/sites\/6\/2023\/03\/Screenshot-2023-03-30-at-14.44.14-1-300x225.png 300w, https:\/\/olioapp.com\/es\/wp-content\/uploads\/sites\/6\/2023\/03\/Screenshot-2023-03-30-at-14.44.14-1-768x575.png 768w, https:\/\/olioapp.com\/es\/wp-content\/uploads\/sites\/6\/2023\/03\/Screenshot-2023-03-30-at-14.44.14-1-1536x1151.png 1536w, https:\/\/olioapp.com\/es\/wp-content\/uploads\/sites\/6\/2023\/03\/Screenshot-2023-03-30-at-14.44.14-1-2048x1535.png 2048w\" sizes=\"(max-width: 1024px) 100vw, 1024px\" \/><\/figure>\n\n\n\n<h1 class=\"wp-block-heading\"><strong>Olio 1.0<\/strong><\/h1>\n\n\n\n<p>Para el prototipo, Tessa y Saasha comenzaron con algo peque\u00f1o. Crearon un chat de WhatsApp con 12 personas de un solo vecindario y los invitaron a ofrecer cualquier alimento que no fueran a utilizar.<\/p>\n\n\n\n<p>Al principio, no pas\u00f3 nada.<\/p>\n\n\n\n<p>Pero, de repente, alguien ofreci\u00f3 media bolsa de chalotes.<\/p>\n\n\n\n<p>Esos chalotes se convirtieron en un catalizador para una ola de publicaciones. Parec\u00eda que una vez que la gente comenzaba a compartir, simplemente no pod\u00eda parar.<\/p>\n\n\n\n<p>En el grupo de retroalimentaci\u00f3n, dos semanas despu\u00e9s, la respuesta fue un\u00e1nime: \u00ab<em>Tienes que construir esta app<\/em>\u00ab.<\/p>\n\n\n\n<h1 class=\"wp-block-heading\"><strong>Mam\u00e1s con una misi\u00f3n<\/strong><\/h1>\n\n\n\n<p>Hoy, Olio no solo se trata de compartir comida, sino de compartir cualquier cosa en la casa que no reciba el uso que merece, desde botas hasta mu\u00f1ecas de juguete.<\/p>\n\n\n\n<p>Y lo que comenz\u00f3 como una app para compartir alimentos entre algunos c\u00f3digos postales en el norte de Londres, ahora tiene millones de usuarios en todo el mundo.<\/p>\n\n\n\n<p>Pero esto es solo el comienzo.<\/p>\n\n\n\n<p>Olio representa la creencia de que todos tenemos el poder de hacer algo peque\u00f1o para lograr un cambio significativo en nuestras comunidades y el planeta entero.<\/p>\n\n\n\n<p>Por eso Olio no es solo una app que lucha contra el desperdicio. Es un movimiento para el optimismo.<\/p>\n\n\n\n<p>Y todo comenz\u00f3 con una mam\u00e1 neg\u00e1ndose a tirar un repollo, un poco de yogur y un pu\u00f1ado de batatas.<\/p>\n","protected":false},"excerpt":{"rendered":"<p>\u201cVi de primera mano cu\u00e1nto esfuerzo se necesita para producir nuestros alimentos\u201d Al crecer en una granja en Yorkshire, siempre&hellip;<\/p>\n","protected":false},"author":2,"featured_media":0,"parent":0,"menu_order":0,"comment_status":"closed","ping_status":"closed","template":"","meta":{"_acf_changed":false,"content-type":"","footnotes":""},"class_list":["post-7","page","type-page","status-publish","hentry"],"acf":[],"yoast_head":"<!-- This site is optimized with the Yoast SEO plugin v27.4 - https:\/\/yoast.com\/product\/yoast-seo-wordpress\/ -->\n<title>Nuestra historia | Olio<\/title>\n<meta name=\"description\" content=\"Olio, la app favorita para compartir en el mundo, comenz\u00f3 como una app para compartir comida en el norte de Londres. \u00a1Lee nuestra historia!\" \/>\n<meta name=\"robots\" content=\"index, follow, max-snippet:-1, max-image-preview:large, max-video-preview:-1\" \/>\n<link rel=\"canonical\" href=\"https:\/\/olioapp.com\/es\/nuestra-historia\/\" \/>\n<meta property=\"og:locale\" content=\"es_ES\" \/>\n<meta property=\"og:type\" content=\"article\" \/>\n<meta property=\"og:title\" content=\"Nuestra historia | Olio\" \/>\n<meta property=\"og:description\" content=\"Olio, la app favorita para compartir en el mundo, comenz\u00f3 como una app para compartir comida en el norte de Londres. \u00a1Lee nuestra historia!\" \/>\n<meta property=\"og:url\" content=\"https:\/\/olioapp.com\/es\/nuestra-historia\/\" \/>\n<meta property=\"og:site_name\" content=\"Olio | En el hogar\" \/>\n<meta property=\"article:modified_time\" content=\"2023-03-30T15:14:47+00:00\" \/>\n<meta property=\"og:image\" content=\"https:\/\/olioapp.com\/es\/wp-content\/uploads\/sites\/6\/2023\/03\/Tessa-Clarke-CoFounder-OLIO-by-AnnabelStaff-4-1024x683.jpg\" \/>\n<meta name=\"twitter:card\" content=\"summary_large_image\" \/>\n<meta name=\"twitter:label1\" content=\"Tiempo de lectura\" \/>\n\t<meta name=\"twitter:data1\" content=\"4 minutos\" \/>\n<script type=\"application\/ld+json\" class=\"yoast-schema-graph\">{\"@context\":\"https:\\\/\\\/schema.org\",\"@graph\":[{\"@type\":\"WebPage\",\"@id\":\"https:\\\/\\\/olioapp.com\\\/es\\\/nuestra-historia\\\/\",\"url\":\"https:\\\/\\\/olioapp.com\\\/es\\\/nuestra-historia\\\/\",\"name\":\"Nuestra historia | Olio\",\"isPartOf\":{\"@id\":\"https:\\\/\\\/olioapp.com\\\/es\\\/#website\"},\"primaryImageOfPage\":{\"@id\":\"https:\\\/\\\/olioapp.com\\\/es\\\/nuestra-historia\\\/#primaryimage\"},\"image\":{\"@id\":\"https:\\\/\\\/olioapp.com\\\/es\\\/nuestra-historia\\\/#primaryimage\"},\"thumbnailUrl\":\"https:\\\/\\\/olioapp.com\\\/es\\\/wp-content\\\/uploads\\\/sites\\\/6\\\/2023\\\/03\\\/Tessa-Clarke-CoFounder-OLIO-by-AnnabelStaff-4-1024x683.jpg\",\"datePublished\":\"2023-02-13T17:50:01+00:00\",\"dateModified\":\"2023-03-30T15:14:47+00:00\",\"description\":\"Olio, la app favorita para compartir en el mundo, comenz\u00f3 como una app para compartir comida en el norte de Londres. \u00a1Lee nuestra historia!\",\"breadcrumb\":{\"@id\":\"https:\\\/\\\/olioapp.com\\\/es\\\/nuestra-historia\\\/#breadcrumb\"},\"inLanguage\":\"es\",\"potentialAction\":[{\"@type\":\"ReadAction\",\"target\":[\"https:\\\/\\\/olioapp.com\\\/es\\\/nuestra-historia\\\/\"]}]},{\"@type\":\"ImageObject\",\"inLanguage\":\"es\",\"@id\":\"https:\\\/\\\/olioapp.com\\\/es\\\/nuestra-historia\\\/#primaryimage\",\"url\":\"https:\\\/\\\/olioapp.com\\\/es\\\/wp-content\\\/uploads\\\/sites\\\/6\\\/2023\\\/03\\\/Tessa-Clarke-CoFounder-OLIO-by-AnnabelStaff-4.jpg\",\"contentUrl\":\"https:\\\/\\\/olioapp.com\\\/es\\\/wp-content\\\/uploads\\\/sites\\\/6\\\/2023\\\/03\\\/Tessa-Clarke-CoFounder-OLIO-by-AnnabelStaff-4.jpg\",\"width\":3000,\"height\":2000},{\"@type\":\"BreadcrumbList\",\"@id\":\"https:\\\/\\\/olioapp.com\\\/es\\\/nuestra-historia\\\/#breadcrumb\",\"itemListElement\":[{\"@type\":\"ListItem\",\"position\":1,\"name\":\"Home\",\"item\":\"https:\\\/\\\/olioapp.com\\\/es\\\/\"},{\"@type\":\"ListItem\",\"position\":2,\"name\":\"Nuestra historia\"}]},{\"@type\":\"WebSite\",\"@id\":\"https:\\\/\\\/olioapp.com\\\/es\\\/#website\",\"url\":\"https:\\\/\\\/olioapp.com\\\/es\\\/\",\"name\":\"Olio | En el hogar\",\"description\":\"\u00bfNo lo necesitas? Comp\u00e1rtelo en Olio.\",\"potentialAction\":[{\"@type\":\"SearchAction\",\"target\":{\"@type\":\"EntryPoint\",\"urlTemplate\":\"https:\\\/\\\/olioapp.com\\\/es\\\/?s={search_term_string}\"},\"query-input\":{\"@type\":\"PropertyValueSpecification\",\"valueRequired\":true,\"valueName\":\"search_term_string\"}}],\"inLanguage\":\"es\"}]}<\/script>\n<!-- \/ Yoast SEO plugin. -->","yoast_head_json":{"title":"Nuestra historia | Olio","description":"Olio, la app favorita para compartir en el mundo, comenz\u00f3 como una app para compartir comida en el norte de Londres. \u00a1Lee nuestra historia!","robots":{"index":"index","follow":"follow","max-snippet":"max-snippet:-1","max-image-preview":"max-image-preview:large","max-video-preview":"max-video-preview:-1"},"canonical":"https:\/\/olioapp.com\/es\/nuestra-historia\/","og_locale":"es_ES","og_type":"article","og_title":"Nuestra historia | Olio","og_description":"Olio, la app favorita para compartir en el mundo, comenz\u00f3 como una app para compartir comida en el norte de Londres. \u00a1Lee nuestra historia!","og_url":"https:\/\/olioapp.com\/es\/nuestra-historia\/","og_site_name":"Olio | En el hogar","article_modified_time":"2023-03-30T15:14:47+00:00","og_image":[{"url":"https:\/\/olioapp.com\/es\/wp-content\/uploads\/sites\/6\/2023\/03\/Tessa-Clarke-CoFounder-OLIO-by-AnnabelStaff-4-1024x683.jpg","type":"","width":"","height":""}],"twitter_card":"summary_large_image","twitter_misc":{"Tiempo de lectura":"4 minutos"},"schema":{"@context":"https:\/\/schema.org","@graph":[{"@type":"WebPage","@id":"https:\/\/olioapp.com\/es\/nuestra-historia\/","url":"https:\/\/olioapp.com\/es\/nuestra-historia\/","name":"Nuestra historia | Olio","isPartOf":{"@id":"https:\/\/olioapp.com\/es\/#website"},"primaryImageOfPage":{"@id":"https:\/\/olioapp.com\/es\/nuestra-historia\/#primaryimage"},"image":{"@id":"https:\/\/olioapp.com\/es\/nuestra-historia\/#primaryimage"},"thumbnailUrl":"https:\/\/olioapp.com\/es\/wp-content\/uploads\/sites\/6\/2023\/03\/Tessa-Clarke-CoFounder-OLIO-by-AnnabelStaff-4-1024x683.jpg","datePublished":"2023-02-13T17:50:01+00:00","dateModified":"2023-03-30T15:14:47+00:00","description":"Olio, la app favorita para compartir en el mundo, comenz\u00f3 como una app para compartir comida en el norte de Londres. \u00a1Lee nuestra historia!","breadcrumb":{"@id":"https:\/\/olioapp.com\/es\/nuestra-historia\/#breadcrumb"},"inLanguage":"es","potentialAction":[{"@type":"ReadAction","target":["https:\/\/olioapp.com\/es\/nuestra-historia\/"]}]},{"@type":"ImageObject","inLanguage":"es","@id":"https:\/\/olioapp.com\/es\/nuestra-historia\/#primaryimage","url":"https:\/\/olioapp.com\/es\/wp-content\/uploads\/sites\/6\/2023\/03\/Tessa-Clarke-CoFounder-OLIO-by-AnnabelStaff-4.jpg","contentUrl":"https:\/\/olioapp.com\/es\/wp-content\/uploads\/sites\/6\/2023\/03\/Tessa-Clarke-CoFounder-OLIO-by-AnnabelStaff-4.jpg","width":3000,"height":2000},{"@type":"BreadcrumbList","@id":"https:\/\/olioapp.com\/es\/nuestra-historia\/#breadcrumb","itemListElement":[{"@type":"ListItem","position":1,"name":"Home","item":"https:\/\/olioapp.com\/es\/"},{"@type":"ListItem","position":2,"name":"Nuestra historia"}]},{"@type":"WebSite","@id":"https:\/\/olioapp.com\/es\/#website","url":"https:\/\/olioapp.com\/es\/","name":"Olio | En el hogar","description":"\u00bfNo lo necesitas? Comp\u00e1rtelo en Olio.","potentialAction":[{"@type":"SearchAction","target":{"@type":"EntryPoint","urlTemplate":"https:\/\/olioapp.com\/es\/?s={search_term_string}"},"query-input":{"@type":"PropertyValueSpecification","valueRequired":true,"valueName":"search_term_string"}}],"inLanguage":"es"}]}},"_links":{"self":[{"href":"https:\/\/olioapp.com\/es\/wp-json\/wp\/v2\/pages\/7","targetHints":{"allow":["GET"]}}],"collection":[{"href":"https:\/\/olioapp.com\/es\/wp-json\/wp\/v2\/pages"}],"about":[{"href":"https:\/\/olioapp.com\/es\/wp-json\/wp\/v2\/types\/page"}],"author":[{"embeddable":true,"href":"https:\/\/olioapp.com\/es\/wp-json\/wp\/v2\/users\/2"}],"replies":[{"embeddable":true,"href":"https:\/\/olioapp.com\/es\/wp-json\/wp\/v2\/comments?post=7"}],"version-history":[{"count":21,"href":"https:\/\/olioapp.com\/es\/wp-json\/wp\/v2\/pages\/7\/revisions"}],"predecessor-version":[{"id":1980,"href":"https:\/\/olioapp.com\/es\/wp-json\/wp\/v2\/pages\/7\/revisions\/1980"}],"wp:attachment":[{"href":"https:\/\/olioapp.com\/es\/wp-json\/wp\/v2\/media?parent=7"}],"curies":[{"name":"wp","href":"https:\/\/api.w.org\/{rel}","templated":true}]}}