{"id":8,"date":"2023-02-13T17:50:01","date_gmt":"2023-02-13T17:50:01","guid":{"rendered":"https:\/\/olioapp.com\/?page_id=8"},"modified":"2026-05-07T11:43:49","modified_gmt":"2026-05-07T11:43:49","slug":"nuestro-impacto","status":"publish","type":"page","link":"https:\/\/olioapp.com\/es\/nuestro-impacto\/","title":{"rendered":"Nuestro impacto"},"content":{"rendered":"<header class=\"page-header wp-block alignfull has-pale-purple-background-style has-large-heading\">\n    \n    <div class=\"page-header__inner\">\n                        <h1 class=\"page-header__heading is-style-typestyle-display-1\">Nuestro impacto\n<\/h1>\n        \n                    <div class=\"page-header__subheading is-style-typestyle-large\">\n                <p>Existimos para luchar contra el desperdicio y ayudar a las comunidades de todo el mundo a unirse y defender el planeta<\/p>\n            <\/div>\n        \n            <\/div>\n\n    <div class=\"page-header__ellipse\"><\/div>\n\n    <\/header>\n\n\n\n<h2 class=\"wp-block-heading alignwide\">Hemos progresado much\u00edsimo desde que Olio comenz\u00f3 en 2015<\/h2>\n\n\n<section class=\"mini-cards wp-block mini-cards--slider-on-mobile alignwide\">\n    <div class=\"mini-cards__inner\">\n\n        <div class=\"mini-cards__intro\">\n            \n                    <\/div>\n\n                    <div class=\"mini-cards__items\">\n                                    <div class=\"mini-card mini-card--large\">\n\n                        <div class=\"mini-card__content\">\n                                                                <h3 class=\"mini-card__heading\">9.3 millones<\/h3>\n                            \n                                                            <div class=\"mini-card__text\">\n                                    <p>de usuario de Olio en todo el mundo<\/p>\n                                <\/div>\n                                                    <\/div>\n\n                                            <\/div>\n                                    <div class=\"mini-card mini-card--large\">\n\n                        <div class=\"mini-card__content\">\n                                                                <h3 class=\"mini-card__heading\">100,000+<\/h3>\n                            \n                                                            <div class=\"mini-card__text\">\n                                    <p><a href=\"https:\/\/olioapp.com\/es\/voluntario-de-olio\/\">voluntarios<\/a> rescatando alimentos no vendidos de negocios locales<\/p>\n                                <\/div>\n                                                    <\/div>\n\n                                            <\/div>\n                                    <div class=\"mini-card mini-card--large\">\n\n                        <div class=\"mini-card__content\">\n                                                                <h3 class=\"mini-card__heading\">64,000<\/h3>\n                            \n                                                            <div class=\"mini-card__text\">\n                                    <p><a href=\"https:\/\/olioapp.com\/en\/olio-ambassadors\/\">embajadores<\/a> difundiendo el mensaje de Olio<\/p>\n                                <\/div>\n                                                    <\/div>\n\n                                            <\/div>\n                                    <div class=\"mini-card mini-card--large\">\n\n                        <div class=\"mini-card__content\">\n                                                                <h3 class=\"mini-card__heading\">66 millones<\/h3>\n                            \n                                                            <div class=\"mini-card__text\">\n                                    <p>de recolecciones hechas entre vecinos<\/p>\n                                <\/div>\n                                                    <\/div>\n\n                                            <\/div>\n                                    <div class=\"mini-card mini-card--large\">\n\n                        <div class=\"mini-card__content\">\n                                                                <h3 class=\"mini-card__heading\">150 millones<\/h3>\n                            \n                                                            <div class=\"mini-card__text\">\n                                    <p>de porciones de comida rescatadas<\/p>\n                                <\/div>\n                                                    <\/div>\n\n                                            <\/div>\n                                    <div class=\"mini-card mini-card--large\">\n\n                        <div class=\"mini-card__content\">\n                                                                <h3 class=\"mini-card__heading\">16 millones<\/h3>\n                            \n                                                            <div class=\"mini-card__text\">\n                                    <p>de art\u00edculos para el hogar rescatados<\/p>\n                                <\/div>\n                                                    <\/div>\n\n                                            <\/div>\n                                    <div class=\"mini-card mini-card--large\">\n\n                        <div class=\"mini-card__content\">\n                                                                <h3 class=\"mini-card__heading\">331,000<\/h3>\n                            \n                                                            <div class=\"mini-card__text\">\n                                    <p>toneladas de emisiones de CO2 evitadas*<\/p>\n                                <\/div>\n                                                    <\/div>\n\n                                            <\/div>\n                                    <div class=\"mini-card mini-card--large\">\n\n                        <div class=\"mini-card__content\">\n                                                                <h3 class=\"mini-card__heading\">47 mil millones<\/h3>\n                            \n                                                            <div class=\"mini-card__text\">\n                                    <p>de litros de agua ahorrados<\/p>\n                                <\/div>\n                                                    <\/div>\n\n                                            <\/div>\n                                    <div class=\"mini-card mini-card--large\">\n\n                        <div class=\"mini-card__content\">\n                                                                <h3 class=\"mini-card__heading\">1.1 mil millones<\/h3>\n                            \n                                                            <div class=\"mini-card__text\">\n                                    <p>de millas sin transitar por autos<\/p>\n                                <\/div>\n                                                    <\/div>\n\n                                            <\/div>\n                                    <div class=\"mini-card mini-card--large\">\n\n                        <div class=\"mini-card__content\">\n                                                                <h3 class=\"mini-card__heading\">65%<\/h3>\n                            \n                                                            <div class=\"mini-card__text\">\n                                    <p>de los usuarios de Olio han hecho amigos al compartir<\/p>\n                                <\/div>\n                                                    <\/div>\n\n                                            <\/div>\n                                    <div class=\"mini-card mini-card--large\">\n\n                        <div class=\"mini-card__content\">\n                                                                <h3 class=\"mini-card__heading\">76%<\/h3>\n                            \n                                                            <div class=\"mini-card__text\">\n                                    <p>de los usuarios de Olio dice que compartir mejor\u00f3 su salud mental<\/p>\n                                <\/div>\n                                                    <\/div>\n\n                                            <\/div>\n                                    <div class=\"mini-card mini-card--large\">\n\n                        <div class=\"mini-card__content\">\n                                                                <h3 class=\"mini-card__heading\">84%<\/h3>\n                            \n                                                            <div class=\"mini-card__text\">\n                                    <p>de los usuarios de Olio dice que Olio ha mejorado su bienestar financiero<\/p>\n                                <\/div>\n                                                    <\/div>\n\n                                            <\/div>\n                            <\/div>\n        \n            <\/div>\n\n    <\/section>\n\n\n\n<p class=\"is-style-typestyle-small\">* Esta cifra se calcul\u00f3 para las emisiones desviadas directas e indirectas relacionadas con gases de efecto invernadero utilizando nuestra <a href=\"https:\/\/help.olioex.com\/article\/158-impact-and-activity\" target=\"_blank\" rel=\"noreferrer noopener\">metodolog\u00eda de impacto<\/a>, asumiendo que 1 unidad compartida resulta en 1 unidad no producida y sin tener en cuenta los <a href=\"https:\/\/verra.org\/wp-content\/uploads\/2020\/11\/PREVIOUS-VERSION-Program-Definitions-v3.7.pdf\" target=\"_blank\" rel=\"noreferrer noopener\">efectos de fugas<\/a> o <a href=\"https:\/\/www.futurelearn.com\/info\/courses\/sustainability-society-and-you\/0\/steps\/4633\" target=\"_blank\" rel=\"noreferrer noopener\">efectos rebote<\/a>.<\/p>\n\n\n\n<h2 class=\"wp-block-heading is-style-typestyle-h3\">Olio es una empresa con balance de carbono negativo<\/h2>\n\n\n\n<p>Olio ya es una empresa con balance de carbono negativo porque desviamos muchas m\u00e1s emisiones de gases de efecto invernadero de las que producimos. De hecho, las emisiones de carbono que generamos como empresa se compensan con solo el 4% de todo el carbono que estamos ahorrando como resultado de nuestras actividades para reducir el desperdicio.<\/p>\n\n\n\n<p>Sin embargo, estamos comprometidos con la medici\u00f3n continua de nuestra huella de carbono y con reducirla en la medida de lo posible, para ayudar a mantener el calentamiento global por debajo de 1,5\u00b0C, el <a href=\"https:\/\/www.ipcc.ch\/sr15\/\" target=\"_blank\" rel=\"noreferrer noopener\">nivel cr\u00edtico de calentamiento para evitar los peores impactos de la crisis clim\u00e1tica<\/a>.<\/p>\n\n\n\n<h2 class=\"wp-block-heading is-style-typestyle-h3\">Los compromisos que estamos haciendo<\/h2>\n\n\n\n<p>Como parte de nuestro compromiso de Carbono Negativo, haremos lo siguiente:<\/p>\n\n\n\n<ul class=\"wp-block-list\">\n<li>Mediremos todas las emisiones globales de nuestra organizaci\u00f3n, incluido el enfoque 3, y las informaremos a nuestro Consejo directivo, clientes e inversionistas.<\/li>\n\n\n\n<li>Publicaremos m\u00e1s detalles sobre c\u00f3mo ya estamos superando los objetivos de cero neto y reduciendo a\u00fan m\u00e1s nuestras emisiones.<\/li>\n\n\n\n<li>Continuaremos siendo una empresa Carbono Negativo a trav\u00e9s de nuestro trabajo fundamental para reducir el desperdicio de alimentos.<\/li>\n\n\n\n<li>Nombraremos a un miembro de nuestro equipo de liderazgo senior para que sea responsable de nuestros objetivos de emisiones de carbono.<\/li>\n\n\n\n<li>Comunicaremos nuestros compromisos clim\u00e1ticos de otras formas significativas, incluyendo a nuestros clientes.<\/li>\n\n\n\n<li>Informaremos sobre nuestro progreso a nuestro Consejo directivo anualmente y en nuestro sitio web.<\/li>\n<\/ul>\n\n\n\n<p>Puede acceder a nuestro \u00faltimo informe de impacto de B Corp a continuaci\u00f3n:<\/p>\n\n\n\n<div class=\"wp-block-buttons is-content-justification-center is-layout-flex wp-container-core-buttons-is-layout-16018d1d wp-block-buttons-is-layout-flex\">\n<div class=\"wp-block-button\"><a class=\"wp-block-button__link has-text-align-center wp-element-button\" href=\"https:\/\/drive.google.com\/file\/d\/1OkyhVHZLij1r5y0DMqix1TnHpzCKaW2N\/view?usp=drive_link\">B Corp informe de impacto 2022\/23 <\/a><\/div>\n<\/div>\n\n\n\n<h2 class=\"wp-block-heading\">Olio es miembro de Business Declares<\/h2>\n\n\n\n<figure class=\"wp-block-image size-full is-resized\"><img decoding=\"async\" width=\"966\" height=\"303\" src=\"https:\/\/olioapp.com\/es\/wp-content\/uploads\/sites\/6\/2024\/06\/logo.png\" alt=\"\" class=\"wp-image-2537\" style=\"width:315px;height:auto\" srcset=\"https:\/\/olioapp.com\/es\/wp-content\/uploads\/sites\/6\/2024\/06\/logo.png 966w, https:\/\/olioapp.com\/es\/wp-content\/uploads\/sites\/6\/2024\/06\/logo-300x94.png 300w, https:\/\/olioapp.com\/es\/wp-content\/uploads\/sites\/6\/2024\/06\/logo-768x241.png 768w\" sizes=\"(max-width: 966px) 100vw, 966px\" \/><\/figure>\n\n\n\n<p>Olio est\u00e1 encantado de unirse a Business Declares, una red de empresas en r\u00e1pido crecimiento que reconocen que ya vivimos en una crisis clim\u00e1tica y ecol\u00f3gica. <\/p>\n\n\n\n<p>Como aplicaci\u00f3n de intercambio hiperlocal que busca resolver la crisis clim\u00e1tica acabando con el desperdicio de una acci\u00f3n a la vez, tanto las personas como el planeta son de vital importancia para nosotros.<\/p>\n\n\n\n<p>Creemos firmemente que el paradigma actual, seg\u00fan el cual las empresas a menudo generan enormes ganancias y al mismo tiempo socavan a las comunidades y al planeta, y donde \u201chacer el bien\u201d se limita \u00fanicamente a las organizaciones ben\u00e9ficas, ya no es adecuado para su prop\u00f3sito. Este enfoque dicot\u00f3mico debe ser reemplazado por una tercera v\u00eda: obtener ganancias con un prop\u00f3sito. <\/p>\n\n\n\n<p>Es por ello que hacemos un llamado a todas las empresas a colaborar y acelerar acciones para reducir sus emisiones de carbono y su huella ecol\u00f3gica.<\/p>\n","protected":false},"excerpt":{"rendered":"<p>Hemos progresado much\u00edsimo desde que Olio comenz\u00f3 en 2015 * Esta cifra se calcul\u00f3 para las emisiones desviadas directas e&hellip;<\/p>\n","protected":false},"author":2,"featured_media":0,"parent":0,"menu_order":0,"comment_status":"closed","ping_status":"closed","template":"","meta":{"_acf_changed":false,"content-type":"","footnotes":""},"class_list":["post-8","page","type-page","status-publish","hentry"],"acf":[],"yoast_head":"<!-- This site is optimized with the Yoast SEO plugin v27.6 - https:\/\/yoast.com\/product\/yoast-seo-wordpress\/ -->\n<title>Nuestro impacto | Olio<\/title>\n<meta name=\"description\" content=\"Lee sobre nuestro impacto luchando contra el desperdicio y ayudando a las comunidades a unirse para defender el planeta.\" \/>\n<meta name=\"robots\" content=\"index, follow, max-snippet:-1, max-image-preview:large, max-video-preview:-1\" \/>\n<link rel=\"canonical\" href=\"https:\/\/olioapp.com\/es\/nuestro-impacto\/\" \/>\n<meta property=\"og:locale\" content=\"es_ES\" \/>\n<meta property=\"og:type\" content=\"article\" \/>\n<meta property=\"og:title\" content=\"Nuestro impacto | Olio\" \/>\n<meta property=\"og:description\" content=\"Lee sobre nuestro impacto luchando contra el desperdicio y ayudando a las comunidades a unirse para defender el planeta.\" \/>\n<meta property=\"og:url\" content=\"https:\/\/olioapp.com\/es\/nuestro-impacto\/\" \/>\n<meta property=\"og:site_name\" content=\"Olio | En el hogar\" \/>\n<meta property=\"article:modified_time\" content=\"2026-05-07T11:43:49+00:00\" \/>\n<meta property=\"og:image\" content=\"https:\/\/olioapp.com\/es\/wp-content\/uploads\/sites\/6\/2024\/06\/logo.png\" \/>\n\t<meta property=\"og:image:width\" content=\"966\" \/>\n\t<meta property=\"og:image:height\" content=\"303\" \/>\n\t<meta property=\"og:image:type\" content=\"image\/png\" \/>\n<meta name=\"twitter:card\" content=\"summary_large_image\" \/>\n<meta name=\"twitter:label1\" content=\"Tiempo de lectura\" \/>\n\t<meta name=\"twitter:data1\" content=\"3 minutos\" \/>\n<script type=\"application\/ld+json\" class=\"yoast-schema-graph\">{\"@context\":\"https:\\\/\\\/schema.org\",\"@graph\":[{\"@type\":\"WebPage\",\"@id\":\"https:\\\/\\\/olioapp.com\\\/es\\\/nuestro-impacto\\\/\",\"url\":\"https:\\\/\\\/olioapp.com\\\/es\\\/nuestro-impacto\\\/\",\"name\":\"Nuestro impacto | Olio\",\"isPartOf\":{\"@id\":\"https:\\\/\\\/olioapp.com\\\/es\\\/#website\"},\"primaryImageOfPage\":{\"@id\":\"https:\\\/\\\/olioapp.com\\\/es\\\/nuestro-impacto\\\/#primaryimage\"},\"image\":{\"@id\":\"https:\\\/\\\/olioapp.com\\\/es\\\/nuestro-impacto\\\/#primaryimage\"},\"thumbnailUrl\":\"https:\\\/\\\/olioapp.com\\\/es\\\/wp-content\\\/uploads\\\/sites\\\/6\\\/2024\\\/06\\\/logo.png\",\"datePublished\":\"2023-02-13T17:50:01+00:00\",\"dateModified\":\"2026-05-07T11:43:49+00:00\",\"description\":\"Lee sobre nuestro impacto luchando contra el desperdicio y ayudando a las comunidades a unirse para defender el planeta.\",\"breadcrumb\":{\"@id\":\"https:\\\/\\\/olioapp.com\\\/es\\\/nuestro-impacto\\\/#breadcrumb\"},\"inLanguage\":\"es\",\"potentialAction\":[{\"@type\":\"ReadAction\",\"target\":[\"https:\\\/\\\/olioapp.com\\\/es\\\/nuestro-impacto\\\/\"]}]},{\"@type\":\"ImageObject\",\"inLanguage\":\"es\",\"@id\":\"https:\\\/\\\/olioapp.com\\\/es\\\/nuestro-impacto\\\/#primaryimage\",\"url\":\"https:\\\/\\\/olioapp.com\\\/es\\\/wp-content\\\/uploads\\\/sites\\\/6\\\/2024\\\/06\\\/logo.png\",\"contentUrl\":\"https:\\\/\\\/olioapp.com\\\/es\\\/wp-content\\\/uploads\\\/sites\\\/6\\\/2024\\\/06\\\/logo.png\",\"width\":966,\"height\":303},{\"@type\":\"BreadcrumbList\",\"@id\":\"https:\\\/\\\/olioapp.com\\\/es\\\/nuestro-impacto\\\/#breadcrumb\",\"itemListElement\":[{\"@type\":\"ListItem\",\"position\":1,\"name\":\"Home\",\"item\":\"https:\\\/\\\/olioapp.com\\\/es\\\/\"},{\"@type\":\"ListItem\",\"position\":2,\"name\":\"Nuestro impacto\"}]},{\"@type\":\"WebSite\",\"@id\":\"https:\\\/\\\/olioapp.com\\\/es\\\/#website\",\"url\":\"https:\\\/\\\/olioapp.com\\\/es\\\/\",\"name\":\"Olio | En el hogar\",\"description\":\"\u00bfNo lo necesitas? Comp\u00e1rtelo en Olio.\",\"potentialAction\":[{\"@type\":\"SearchAction\",\"target\":{\"@type\":\"EntryPoint\",\"urlTemplate\":\"https:\\\/\\\/olioapp.com\\\/es\\\/?s={search_term_string}\"},\"query-input\":{\"@type\":\"PropertyValueSpecification\",\"valueRequired\":true,\"valueName\":\"search_term_string\"}}],\"inLanguage\":\"es\"}]}<\/script>\n<!-- \/ Yoast SEO plugin. -->","yoast_head_json":{"title":"Nuestro impacto | Olio","description":"Lee sobre nuestro impacto luchando contra el desperdicio y ayudando a las comunidades a unirse para defender el planeta.","robots":{"index":"index","follow":"follow","max-snippet":"max-snippet:-1","max-image-preview":"max-image-preview:large","max-video-preview":"max-video-preview:-1"},"canonical":"https:\/\/olioapp.com\/es\/nuestro-impacto\/","og_locale":"es_ES","og_type":"article","og_title":"Nuestro impacto | Olio","og_description":"Lee sobre nuestro impacto luchando contra el desperdicio y ayudando a las comunidades a unirse para defender el planeta.","og_url":"https:\/\/olioapp.com\/es\/nuestro-impacto\/","og_site_name":"Olio | En el hogar","article_modified_time":"2026-05-07T11:43:49+00:00","og_image":[{"width":966,"height":303,"url":"https:\/\/olioapp.com\/es\/wp-content\/uploads\/sites\/6\/2024\/06\/logo.png","type":"image\/png"}],"twitter_card":"summary_large_image","twitter_misc":{"Tiempo de lectura":"3 minutos"},"schema":{"@context":"https:\/\/schema.org","@graph":[{"@type":"WebPage","@id":"https:\/\/olioapp.com\/es\/nuestro-impacto\/","url":"https:\/\/olioapp.com\/es\/nuestro-impacto\/","name":"Nuestro impacto | Olio","isPartOf":{"@id":"https:\/\/olioapp.com\/es\/#website"},"primaryImageOfPage":{"@id":"https:\/\/olioapp.com\/es\/nuestro-impacto\/#primaryimage"},"image":{"@id":"https:\/\/olioapp.com\/es\/nuestro-impacto\/#primaryimage"},"thumbnailUrl":"https:\/\/olioapp.com\/es\/wp-content\/uploads\/sites\/6\/2024\/06\/logo.png","datePublished":"2023-02-13T17:50:01+00:00","dateModified":"2026-05-07T11:43:49+00:00","description":"Lee sobre nuestro impacto luchando contra el desperdicio y ayudando a las comunidades a unirse para defender el planeta.","breadcrumb":{"@id":"https:\/\/olioapp.com\/es\/nuestro-impacto\/#breadcrumb"},"inLanguage":"es","potentialAction":[{"@type":"ReadAction","target":["https:\/\/olioapp.com\/es\/nuestro-impacto\/"]}]},{"@type":"ImageObject","inLanguage":"es","@id":"https:\/\/olioapp.com\/es\/nuestro-impacto\/#primaryimage","url":"https:\/\/olioapp.com\/es\/wp-content\/uploads\/sites\/6\/2024\/06\/logo.png","contentUrl":"https:\/\/olioapp.com\/es\/wp-content\/uploads\/sites\/6\/2024\/06\/logo.png","width":966,"height":303},{"@type":"BreadcrumbList","@id":"https:\/\/olioapp.com\/es\/nuestro-impacto\/#breadcrumb","itemListElement":[{"@type":"ListItem","position":1,"name":"Home","item":"https:\/\/olioapp.com\/es\/"},{"@type":"ListItem","position":2,"name":"Nuestro impacto"}]},{"@type":"WebSite","@id":"https:\/\/olioapp.com\/es\/#website","url":"https:\/\/olioapp.com\/es\/","name":"Olio | En el hogar","description":"\u00bfNo lo necesitas? Comp\u00e1rtelo en Olio.","potentialAction":[{"@type":"SearchAction","target":{"@type":"EntryPoint","urlTemplate":"https:\/\/olioapp.com\/es\/?s={search_term_string}"},"query-input":{"@type":"PropertyValueSpecification","valueRequired":true,"valueName":"search_term_string"}}],"inLanguage":"es"}]}},"_links":{"self":[{"href":"https:\/\/olioapp.com\/es\/wp-json\/wp\/v2\/pages\/8","targetHints":{"allow":["GET"]}}],"collection":[{"href":"https:\/\/olioapp.com\/es\/wp-json\/wp\/v2\/pages"}],"about":[{"href":"https:\/\/olioapp.com\/es\/wp-json\/wp\/v2\/types\/page"}],"author":[{"embeddable":true,"href":"https:\/\/olioapp.com\/es\/wp-json\/wp\/v2\/users\/2"}],"replies":[{"embeddable":true,"href":"https:\/\/olioapp.com\/es\/wp-json\/wp\/v2\/comments?post=8"}],"version-history":[{"count":41,"href":"https:\/\/olioapp.com\/es\/wp-json\/wp\/v2\/pages\/8\/revisions"}],"predecessor-version":[{"id":2756,"href":"https:\/\/olioapp.com\/es\/wp-json\/wp\/v2\/pages\/8\/revisions\/2756"}],"wp:attachment":[{"href":"https:\/\/olioapp.com\/es\/wp-json\/wp\/v2\/media?parent=8"}],"curies":[{"name":"wp","href":"https:\/\/api.w.org\/{rel}","templated":true}]}}